{"id":148,"date":"2024-06-27T23:58:27","date_gmt":"2024-06-27T23:58:27","guid":{"rendered":"https:\/\/detaykaynak.com.tr\/?page_id=148"},"modified":"2024-10-12T20:37:10","modified_gmt":"2024-10-12T20:37:10","slug":"f-makinesi","status":"publish","type":"page","link":"https:\/\/detaykaynak.com.tr\/?page_id=148","title":{"rendered":"OTOMAT\u0130K B\u00dcK\u00dcM MERKEZ\u0130"},"content":{"rendered":"<p>Ak\u0131ll\u0131 Esnek B\u00fck\u00fcm Merkezi &#8211; BDC itme a\u015fa\u011f\u0131 serisi, itme a\u015fa\u011f\u0131 besleme y\u00f6ntemini benimser ve t\u00fcm makine y\u00fcksek hassasiyetli tak\u0131m tezgahlar\u0131 standartlar\u0131na uygun olarak tasarlan\u0131p \u00fcretilmi\u015ftir. Bu makine, a\u011flar, oluklar ve bo\u015fluklar gibi her t\u00fcrl\u00fc d\u00fcz veya \u00f6zel \u015fekilli i\u015f par\u00e7alar\u0131n\u0131n i\u015flenmesi i\u00e7in uygundur. Makine, tek bir tu\u015fla \u00fcst bask\u0131 b\u0131\u00e7a\u011f\u0131yla s\u0131k\u0131\u015ft\u0131r\u0131l\u0131r ve C ekseninde y\u00fcksek d\u00f6n\u00fc\u015f h\u0131z\u0131 ve hassasiyet sa\u011flar.<\/p><p><\/p><figure class=\"wp-block-image size-full\"><img loading=\"lazy\" decoding=\"async\" width=\"945\" height=\"478\" src=\"https:\/\/detaykaynak.com.tr\/wp-content\/uploads\/2024\/10\/image-23.png\" alt=\"\" class=\"wp-image-306\" srcset=\"https:\/\/detaykaynak.com.tr\/wp-content\/uploads\/2024\/10\/image-23.png 945w, https:\/\/detaykaynak.com.tr\/wp-content\/uploads\/2024\/10\/image-23-300x152.png 300w, https:\/\/detaykaynak.com.tr\/wp-content\/uploads\/2024\/10\/image-23-768x388.png 768w, https:\/\/detaykaynak.com.tr\/wp-content\/uploads\/2024\/10\/image-23-600x303.png 600w\" sizes=\"(max-width: 945px) 100vw, 945px\" \/><\/figure><p><\/p><figure class=\"wp-block-image size-full\"><img loading=\"lazy\" decoding=\"async\" width=\"945\" height=\"360\" src=\"https:\/\/detaykaynak.com.tr\/wp-content\/uploads\/2024\/10\/image-24.png\" alt=\"\" class=\"wp-image-307\" srcset=\"https:\/\/detaykaynak.com.tr\/wp-content\/uploads\/2024\/10\/image-24.png 945w, https:\/\/detaykaynak.com.tr\/wp-content\/uploads\/2024\/10\/image-24-300x114.png 300w, https:\/\/detaykaynak.com.tr\/wp-content\/uploads\/2024\/10\/image-24-768x293.png 768w, https:\/\/detaykaynak.com.tr\/wp-content\/uploads\/2024\/10\/image-24-600x229.png 600w\" sizes=\"(max-width: 945px) 100vw, 945px\" \/><\/figure><p><\/p><figure class=\"wp-block-image size-full\"><img loading=\"lazy\" decoding=\"async\" width=\"913\" height=\"970\" src=\"https:\/\/detaykaynak.com.tr\/wp-content\/uploads\/2024\/10\/image-25.png\" alt=\"\" class=\"wp-image-308\" srcset=\"https:\/\/detaykaynak.com.tr\/wp-content\/uploads\/2024\/10\/image-25.png 913w, https:\/\/detaykaynak.com.tr\/wp-content\/uploads\/2024\/10\/image-25-282x300.png 282w, https:\/\/detaykaynak.com.tr\/wp-content\/uploads\/2024\/10\/image-25-768x816.png 768w, https:\/\/detaykaynak.com.tr\/wp-content\/uploads\/2024\/10\/image-25-600x637.png 600w\" sizes=\"(max-width: 913px) 100vw, 913px\" \/><\/figure><p><\/p>","protected":false},"excerpt":{"rendered":"<p>Ak\u0131ll\u0131 Esnek B\u00fck\u00fcm Merkezi &#8211; BDC itme a\u015fa\u011f\u0131 serisi, itme a\u015fa\u011f\u0131 besleme y\u00f6ntemini benimser ve t\u00fcm makine y\u00fcksek hassasiyetli tak\u0131m tezgahlar\u0131 standartlar\u0131na uygun olarak tasarlan\u0131p \u00fcretilmi\u015ftir. Bu makine, a\u011flar, oluklar ve bo\u015fluklar gibi her t\u00fcrl\u00fc d\u00fcz veya \u00f6zel \u015fekilli i\u015f par\u00e7alar\u0131n\u0131n i\u015flenmesi i\u00e7in uygundur. Makine, tek bir tu\u015fla \u00fcst bask\u0131 [&hellip;]<\/p>\n","protected":false},"author":1,"featured_media":0,"parent":0,"menu_order":0,"comment_status":"closed","ping_status":"closed","template":"","meta":{"_themeisle_gutenberg_block_has_review":false,"footnotes":""},"class_list":["post-148","page","type-page","status-publish","hentry"],"_links":{"self":[{"href":"https:\/\/detaykaynak.com.tr\/index.php?rest_route=\/wp\/v2\/pages\/148"}],"collection":[{"href":"https:\/\/detaykaynak.com.tr\/index.php?rest_route=\/wp\/v2\/pages"}],"about":[{"href":"https:\/\/detaykaynak.com.tr\/index.php?rest_route=\/wp\/v2\/types\/page"}],"author":[{"embeddable":true,"href":"https:\/\/detaykaynak.com.tr\/index.php?rest_route=\/wp\/v2\/users\/1"}],"replies":[{"embeddable":true,"href":"https:\/\/detaykaynak.com.tr\/index.php?rest_route=%2Fwp%2Fv2%2Fcomments&post=148"}],"version-history":[{"count":3,"href":"https:\/\/detaykaynak.com.tr\/index.php?rest_route=\/wp\/v2\/pages\/148\/revisions"}],"predecessor-version":[{"id":310,"href":"https:\/\/detaykaynak.com.tr\/index.php?rest_route=\/wp\/v2\/pages\/148\/revisions\/310"}],"wp:attachment":[{"href":"https:\/\/detaykaynak.com.tr\/index.php?rest_route=%2Fwp%2Fv2%2Fmedia&parent=148"}],"curies":[{"name":"wp","href":"https:\/\/api.w.org\/{rel}","templated":true}]}}