{"id":266,"date":"2024-10-12T19:26:44","date_gmt":"2024-10-12T19:26:44","guid":{"rendered":"https:\/\/detaykaynak.com.tr\/?page_id=266"},"modified":"2024-10-12T20:56:44","modified_gmt":"2024-10-12T20:56:44","slug":"hakkimizdaaa","status":"publish","type":"page","link":"https:\/\/detaykaynak.com.tr\/?page_id=266","title":{"rendered":"Hakk\u0131m\u0131zda"},"content":{"rendered":"<p>Merkezi Ankara&#8217;da olan ve T\u00fcrkiye\u2019nin \u00e7e\u015fitli b\u00f6lgelerinde bayilik altyap\u0131s\u0131na sahip olan Detay Kaynak, farkl\u0131 sekt\u00f6rlerde faaliyet g\u00f6steren firmalara hizmet vermektedir. \u0130zmir, Kayseri, Bursa, Konya, Trabzon, Samsun, Adana, Antalya, D\u00fczce ve \u0130stanbul\u2019daki bayiliklerimizle ve servislerimizle \u00fclke \u00e7ap\u0131nda geni\u015f bir hizmet a\u011f\u0131na sahibiz.<\/p><p>Uzman teknik servis ekibimiz ile T\u00fcrkiye\u2019nin her yerinde her t\u00fcrl\u00fc ar\u0131zalara 24 saat i\u00e7inde m\u00fcdahale ediyoruz. Yapm\u0131\u015f oldu\u011fumuz e\u011fitim i\u015f birlikleri ile servis m\u00fchendisi arkada\u015flar\u0131m\u0131z\u0131n ar\u0131za tespit ve \u00e7\u00f6zme yeteneklerini s\u00fcrekli geli\u015ftirmekteyiz.<\/p>","protected":false},"excerpt":{"rendered":"<p>Merkezi Ankara&#8217;da olan ve T\u00fcrkiye\u2019nin \u00e7e\u015fitli b\u00f6lgelerinde bayilik altyap\u0131s\u0131na sahip olan Detay Kaynak, farkl\u0131 sekt\u00f6rlerde faaliyet g\u00f6steren firmalara hizmet vermektedir. \u0130zmir, Kayseri, Bursa, Konya, Trabzon, Samsun, Adana, Antalya, D\u00fczce ve \u0130stanbul\u2019daki bayiliklerimizle ve servislerimizle \u00fclke \u00e7ap\u0131nda geni\u015f bir hizmet a\u011f\u0131na sahibiz. Uzman teknik servis ekibimiz ile T\u00fcrkiye\u2019nin her yerinde her [&hellip;]<\/p>\n","protected":false},"author":1,"featured_media":0,"parent":0,"menu_order":0,"comment_status":"closed","ping_status":"closed","template":"","meta":{"_themeisle_gutenberg_block_has_review":false,"footnotes":""},"class_list":["post-266","page","type-page","status-publish","hentry"],"_links":{"self":[{"href":"https:\/\/detaykaynak.com.tr\/index.php?rest_route=\/wp\/v2\/pages\/266"}],"collection":[{"href":"https:\/\/detaykaynak.com.tr\/index.php?rest_route=\/wp\/v2\/pages"}],"about":[{"href":"https:\/\/detaykaynak.com.tr\/index.php?rest_route=\/wp\/v2\/types\/page"}],"author":[{"embeddable":true,"href":"https:\/\/detaykaynak.com.tr\/index.php?rest_route=\/wp\/v2\/users\/1"}],"replies":[{"embeddable":true,"href":"https:\/\/detaykaynak.com.tr\/index.php?rest_route=%2Fwp%2Fv2%2Fcomments&post=266"}],"version-history":[{"count":4,"href":"https:\/\/detaykaynak.com.tr\/index.php?rest_route=\/wp\/v2\/pages\/266\/revisions"}],"predecessor-version":[{"id":321,"href":"https:\/\/detaykaynak.com.tr\/index.php?rest_route=\/wp\/v2\/pages\/266\/revisions\/321"}],"wp:attachment":[{"href":"https:\/\/detaykaynak.com.tr\/index.php?rest_route=%2Fwp%2Fv2%2Fmedia&parent=266"}],"curies":[{"name":"wp","href":"https:\/\/api.w.org\/{rel}","templated":true}]}}