{"id":82,"date":"2024-06-27T21:28:05","date_gmt":"2024-06-27T21:28:05","guid":{"rendered":"https:\/\/detaykaynak.com.tr\/?page_id=82"},"modified":"2024-10-12T20:49:05","modified_gmt":"2024-10-12T20:49:05","slug":"c-makinesi","status":"publish","type":"page","link":"https:\/\/detaykaynak.com.tr\/?page_id=82","title":{"rendered":"LAZER TEM\u0130ZLEME"},"content":{"rendered":"<p><strong><em>MANUEL LAZER TEM\u0130ZLEME<\/em><\/strong><\/p><p>Lazer temizleme makinesi, yeni nesil end\u00fcstriyel y\u00fczey temizleme lazer sistemidir. Metal y\u00fczey temizleme s\u00fcrecinin gereksinimlerini kar\u015f\u0131lamak i\u00e7in geli\u015fmi\u015f lazer kayna\u011f\u0131, lazer optik taray\u0131c\u0131lar ve kontrol sistemini benimser. Lazer temizleme, geleneksel yakla\u015f\u0131mlara g\u00f6re bir\u00e7ok avantaj sunar. \u00c7\u00f6z\u00fcc\u00fc i\u00e7ermez ve elle\u00e7lenmesi ve at\u0131lmas\u0131 gereken a\u015f\u0131nd\u0131r\u0131c\u0131 malzeme yoktur. Di\u011fer i\u015flemlerle kar\u015f\u0131la\u015ft\u0131r\u0131ld\u0131\u011f\u0131nda, lazer temizleme kontrol edilebilir ve bir par\u00e7an\u0131n belirli alanlar\u0131na uygulanabilir. Ayr\u0131ca, \u00fcretkenli\u011fi en \u00fcst d\u00fczeye \u00e7\u0131karmak i\u00e7in kolayca otomatikle\u015ftirilebilir ve artan say\u0131da kalite standard\u0131 taraf\u0131ndan talep edilen garantili tekrarlanabilirli\u011fi sa\u011flar.<\/p><p><\/p><figure class=\"wp-block-image size-full\"><img loading=\"lazy\" decoding=\"async\" width=\"607\" height=\"696\" src=\"https:\/\/detaykaynak.com.tr\/wp-content\/uploads\/2024\/10\/image-19.png\" alt=\"\" class=\"wp-image-297\" srcset=\"https:\/\/detaykaynak.com.tr\/wp-content\/uploads\/2024\/10\/image-19.png 607w, https:\/\/detaykaynak.com.tr\/wp-content\/uploads\/2024\/10\/image-19-262x300.png 262w, https:\/\/detaykaynak.com.tr\/wp-content\/uploads\/2024\/10\/image-19-600x688.png 600w\" sizes=\"(max-width: 607px) 100vw, 607px\" \/><\/figure><p><\/p><figure class=\"wp-block-image size-full\"><img loading=\"lazy\" decoding=\"async\" width=\"945\" height=\"254\" src=\"https:\/\/detaykaynak.com.tr\/wp-content\/uploads\/2024\/10\/image-20.png\" alt=\"\" class=\"wp-image-298\" srcset=\"https:\/\/detaykaynak.com.tr\/wp-content\/uploads\/2024\/10\/image-20.png 945w, https:\/\/detaykaynak.com.tr\/wp-content\/uploads\/2024\/10\/image-20-300x81.png 300w, https:\/\/detaykaynak.com.tr\/wp-content\/uploads\/2024\/10\/image-20-768x206.png 768w, https:\/\/detaykaynak.com.tr\/wp-content\/uploads\/2024\/10\/image-20-600x161.png 600w\" sizes=\"(max-width: 945px) 100vw, 945px\" \/><\/figure><p><\/p><p><strong><em>ROBOT\u0130K LAZER TEM\u0130ZLEME<\/em><\/strong><\/p><p>SF1500HCR robot lazer temizleme makinesi, y\u00fczey temizli\u011fi i\u00e7in yeni bir y\u00fcksek teknoloji \u00fcr\u00fcn\u00fcd\u00fcr. Daha az at\u0131k, kolay kullan\u0131m ve bak\u0131m ba\u015fl\u0131ca avantajlar\u0131d\u0131r. Sadece g\u00fcc\u00fc a\u00e7\u0131n ve kimyasal reaktifler, ortam, toz veya su olmadan y\u00fczeyi temizleyebilirsiniz.<\/p><p><\/p><figure class=\"wp-block-image size-full\"><img loading=\"lazy\" decoding=\"async\" width=\"945\" height=\"388\" src=\"https:\/\/detaykaynak.com.tr\/wp-content\/uploads\/2024\/10\/image-21.png\" alt=\"\" class=\"wp-image-299\" srcset=\"https:\/\/detaykaynak.com.tr\/wp-content\/uploads\/2024\/10\/image-21.png 945w, https:\/\/detaykaynak.com.tr\/wp-content\/uploads\/2024\/10\/image-21-300x123.png 300w, https:\/\/detaykaynak.com.tr\/wp-content\/uploads\/2024\/10\/image-21-768x315.png 768w, https:\/\/detaykaynak.com.tr\/wp-content\/uploads\/2024\/10\/image-21-600x246.png 600w\" sizes=\"(max-width: 945px) 100vw, 945px\" \/><\/figure><p><\/p><figure class=\"wp-block-image size-full\"><img loading=\"lazy\" decoding=\"async\" width=\"945\" height=\"318\" src=\"https:\/\/detaykaynak.com.tr\/wp-content\/uploads\/2024\/10\/image-22.png\" alt=\"\" class=\"wp-image-300\" srcset=\"https:\/\/detaykaynak.com.tr\/wp-content\/uploads\/2024\/10\/image-22.png 945w, https:\/\/detaykaynak.com.tr\/wp-content\/uploads\/2024\/10\/image-22-300x101.png 300w, https:\/\/detaykaynak.com.tr\/wp-content\/uploads\/2024\/10\/image-22-768x258.png 768w, https:\/\/detaykaynak.com.tr\/wp-content\/uploads\/2024\/10\/image-22-600x202.png 600w\" sizes=\"(max-width: 945px) 100vw, 945px\" \/><\/figure><p><\/p><p><\/p>","protected":false},"excerpt":{"rendered":"<p>MANUEL LAZER TEM\u0130ZLEME Lazer temizleme makinesi, yeni nesil end\u00fcstriyel y\u00fczey temizleme lazer sistemidir. Metal y\u00fczey temizleme s\u00fcrecinin gereksinimlerini kar\u015f\u0131lamak i\u00e7in geli\u015fmi\u015f lazer kayna\u011f\u0131, lazer optik taray\u0131c\u0131lar ve kontrol sistemini benimser. Lazer temizleme, geleneksel yakla\u015f\u0131mlara g\u00f6re bir\u00e7ok avantaj sunar. \u00c7\u00f6z\u00fcc\u00fc i\u00e7ermez ve elle\u00e7lenmesi ve at\u0131lmas\u0131 gereken a\u015f\u0131nd\u0131r\u0131c\u0131 malzeme yoktur. Di\u011fer i\u015flemlerle [&hellip;]<\/p>\n","protected":false},"author":1,"featured_media":0,"parent":0,"menu_order":0,"comment_status":"closed","ping_status":"closed","template":"page-templates\/template-page-sidebar.php","meta":{"_themeisle_gutenberg_block_has_review":false,"footnotes":""},"class_list":["post-82","page","type-page","status-publish","hentry"],"_links":{"self":[{"href":"https:\/\/detaykaynak.com.tr\/index.php?rest_route=\/wp\/v2\/pages\/82"}],"collection":[{"href":"https:\/\/detaykaynak.com.tr\/index.php?rest_route=\/wp\/v2\/pages"}],"about":[{"href":"https:\/\/detaykaynak.com.tr\/index.php?rest_route=\/wp\/v2\/types\/page"}],"author":[{"embeddable":true,"href":"https:\/\/detaykaynak.com.tr\/index.php?rest_route=\/wp\/v2\/users\/1"}],"replies":[{"embeddable":true,"href":"https:\/\/detaykaynak.com.tr\/index.php?rest_route=%2Fwp%2Fv2%2Fcomments&post=82"}],"version-history":[{"count":3,"href":"https:\/\/detaykaynak.com.tr\/index.php?rest_route=\/wp\/v2\/pages\/82\/revisions"}],"predecessor-version":[{"id":301,"href":"https:\/\/detaykaynak.com.tr\/index.php?rest_route=\/wp\/v2\/pages\/82\/revisions\/301"}],"wp:attachment":[{"href":"https:\/\/detaykaynak.com.tr\/index.php?rest_route=%2Fwp%2Fv2%2Fmedia&parent=82"}],"curies":[{"name":"wp","href":"https:\/\/api.w.org\/{rel}","templated":true}]}}