{"id":84,"date":"2024-06-27T21:28:30","date_gmt":"2024-06-27T21:28:30","guid":{"rendered":"https:\/\/detaykaynak.com.tr\/?page_id=84"},"modified":"2024-10-12T21:06:56","modified_gmt":"2024-10-12T21:06:56","slug":"d-makinesi","status":"publish","type":"page","link":"https:\/\/detaykaynak.com.tr\/?page_id=84","title":{"rendered":"LAZER TEM\u0130ZLEME"},"content":{"rendered":"<p><strong><em>A\u00c7IK TEK TABLA<\/em><\/strong><\/p><p><strong>Metal fiber lazer kesim makinesi<\/strong>, genellikle \u00e7elik sac, \u00e7elik boru, al\u00fcminyum, bak\u0131r, paslanmaz \u00e7elik, karbon \u00e7elik gibi metal malzemeleri kesmek i\u00e7in kullan\u0131l\u0131r.<\/p><p>Cypcut sac kesme yaz\u0131l\u0131m\u0131, fiber lazer kesme makinesi end\u00fcstrisi i\u00e7in derinlemesine bir tasar\u0131md\u0131r. Karma\u015f\u0131k CNC makine operasyonunu basitle\u015ftirir ve CAD, Nest ve CAM mod\u00fcllerini tek bir mod\u00fclde birle\u015ftirir. \u00c7izimden yuvalamaya kadar i\u015f par\u00e7as\u0131 \u00fcretiminde etkili bir \u00e7\u00f6z\u00fcm sa\u011flar.<\/p><figure class=\"wp-block-image size-full\"><img loading=\"lazy\" decoding=\"async\" width=\"725\" height=\"483\" src=\"https:\/\/detaykaynak.com.tr\/wp-content\/uploads\/2024\/10\/image-7.png\" alt=\"\" class=\"wp-image-281\" srcset=\"https:\/\/detaykaynak.com.tr\/wp-content\/uploads\/2024\/10\/image-7.png 725w, https:\/\/detaykaynak.com.tr\/wp-content\/uploads\/2024\/10\/image-7-300x200.png 300w, https:\/\/detaykaynak.com.tr\/wp-content\/uploads\/2024\/10\/image-7-360x240.png 360w, https:\/\/detaykaynak.com.tr\/wp-content\/uploads\/2024\/10\/image-7-600x400.png 600w\" sizes=\"(max-width: 725px) 100vw, 725px\" \/><\/figure><p><\/p><p><\/p><figure class=\"wp-block-image size-full\"><img loading=\"lazy\" decoding=\"async\" width=\"945\" height=\"697\" src=\"https:\/\/detaykaynak.com.tr\/wp-content\/uploads\/2024\/10\/image-8.png\" alt=\"\" class=\"wp-image-282\" srcset=\"https:\/\/detaykaynak.com.tr\/wp-content\/uploads\/2024\/10\/image-8.png 945w, https:\/\/detaykaynak.com.tr\/wp-content\/uploads\/2024\/10\/image-8-300x221.png 300w, https:\/\/detaykaynak.com.tr\/wp-content\/uploads\/2024\/10\/image-8-768x566.png 768w, https:\/\/detaykaynak.com.tr\/wp-content\/uploads\/2024\/10\/image-8-600x443.png 600w\" sizes=\"(max-width: 945px) 100vw, 945px\" \/><\/figure><p><\/p><p><\/p><p><strong><em>KAPALI KAB\u0130N \u00c7\u0130FT TABLA<\/em><\/strong><\/p><p>SENFENG 3015HM, sac ve boru kesiminde y\u00fcksek stabilite ve g\u00fcvenilirlik sunan, verimli ve hassas bir metal kesme ekipman\u0131d\u0131r. Uzun s\u00fcre sorunsuz \u00e7al\u0131\u015fabilmesi ve ar\u0131za oran\u0131n\u0131 minimize edebilmesi i\u00e7in y\u00fcksek kaliteli mekanik yap\u0131 ve elektrik bile\u015fenleriyle donat\u0131lm\u0131\u015ft\u0131r. Bu \u00f6zellikleri sayesinde, metal i\u015fleme, makine imalat\u0131, otomobil \u00fcretimi, havac\u0131l\u0131k gibi bir\u00e7ok sekt\u00f6rde yayg\u0131n olarak kullan\u0131lmaktad\u0131r.<\/p><p>\u00d6ne \u00e7\u0131kan \u00f6zellikleri:<\/p><ul class=\"wp-block-list\"><li>Sac ve boru kesimi i\u00e7in ideal<\/li>\n\n<li>\u00c7ok y\u00f6nl\u00fc kullan\u0131m ve y\u00fcksek verimlilik<\/li>\n\n<li>Y\u00fcksek standartl\u0131 mandren sistemi<\/li>\n\n<li>H\u0131zl\u0131 de\u011fi\u015fim sa\u011flayan \u00e7al\u0131\u015fma masas\u0131<\/li>\n\n<li>CE, ROHS, FDA sertifikalar\u0131na sahip olup, Avrupa ve Amerikan standartlar\u0131n\u0131 kar\u015f\u0131lamaktad\u0131r<\/li><\/ul><p>SENFENG 3015HM, g\u00fcvenilir yap\u0131s\u0131 ve geni\u015f kullan\u0131m alan\u0131yla \u00fcretim s\u00fcre\u00e7lerinde kalite ve verimlili\u011fi art\u0131r\u0131r.<\/p><figure class=\"wp-block-image size-full\"><img loading=\"lazy\" decoding=\"async\" width=\"914\" height=\"575\" src=\"https:\/\/detaykaynak.com.tr\/wp-content\/uploads\/2024\/10\/image-9.png\" alt=\"\" class=\"wp-image-283\" srcset=\"https:\/\/detaykaynak.com.tr\/wp-content\/uploads\/2024\/10\/image-9.png 914w, https:\/\/detaykaynak.com.tr\/wp-content\/uploads\/2024\/10\/image-9-300x189.png 300w, https:\/\/detaykaynak.com.tr\/wp-content\/uploads\/2024\/10\/image-9-768x483.png 768w, https:\/\/detaykaynak.com.tr\/wp-content\/uploads\/2024\/10\/image-9-600x377.png 600w\" sizes=\"(max-width: 914px) 100vw, 914px\" \/><\/figure><p><\/p><figure class=\"wp-block-image size-full\"><img loading=\"lazy\" decoding=\"async\" width=\"945\" height=\"317\" src=\"https:\/\/detaykaynak.com.tr\/wp-content\/uploads\/2024\/10\/image-10.png\" alt=\"\" class=\"wp-image-284\" srcset=\"https:\/\/detaykaynak.com.tr\/wp-content\/uploads\/2024\/10\/image-10.png 945w, https:\/\/detaykaynak.com.tr\/wp-content\/uploads\/2024\/10\/image-10-300x101.png 300w, https:\/\/detaykaynak.com.tr\/wp-content\/uploads\/2024\/10\/image-10-768x258.png 768w, https:\/\/detaykaynak.com.tr\/wp-content\/uploads\/2024\/10\/image-10-600x201.png 600w\" sizes=\"(max-width: 945px) 100vw, 945px\" \/><\/figure><p><\/p><p><\/p><p><strong><em>BORU PROF\u0130L LAZER<\/em><\/strong><\/p><p>SF6016T metal t\u00fcp lazer kesici, yuvarlak t\u00fcp, kare t\u00fcp ve di\u011fer metal t\u00fcpleri kesmek i\u00e7in kullan\u0131lan t\u00fcp lazer kesme makinesi olarak da adland\u0131r\u0131l\u0131r.&nbsp;&nbsp;Boru i\u015fleme aral\u0131\u011f\u0131 6000mm* \u03c610~160mm (kare t\u00fcp: 10*10-110*110mm).<br>SF6016T metal t\u00fcp lazer kesme makinesi, 1,5kw ila 3kw aras\u0131nda lazer g\u00fcc\u00fc olan fiber lazer cihaz\u0131yla donat\u0131lm\u0131\u015ft\u0131r.<\/p><figure class=\"wp-block-image size-full\"><img loading=\"lazy\" decoding=\"async\" width=\"945\" height=\"404\" src=\"https:\/\/detaykaynak.com.tr\/wp-content\/uploads\/2024\/10\/image-11.png\" alt=\"\" class=\"wp-image-285\" srcset=\"https:\/\/detaykaynak.com.tr\/wp-content\/uploads\/2024\/10\/image-11.png 945w, https:\/\/detaykaynak.com.tr\/wp-content\/uploads\/2024\/10\/image-11-300x128.png 300w, https:\/\/detaykaynak.com.tr\/wp-content\/uploads\/2024\/10\/image-11-768x328.png 768w, https:\/\/detaykaynak.com.tr\/wp-content\/uploads\/2024\/10\/image-11-600x257.png 600w\" sizes=\"(max-width: 945px) 100vw, 945px\" \/><\/figure><p><\/p><figure class=\"wp-block-image size-full\"><img loading=\"lazy\" decoding=\"async\" width=\"945\" height=\"462\" src=\"https:\/\/detaykaynak.com.tr\/wp-content\/uploads\/2024\/10\/image-12.png\" alt=\"\" class=\"wp-image-286\" srcset=\"https:\/\/detaykaynak.com.tr\/wp-content\/uploads\/2024\/10\/image-12.png 945w, https:\/\/detaykaynak.com.tr\/wp-content\/uploads\/2024\/10\/image-12-300x147.png 300w, https:\/\/detaykaynak.com.tr\/wp-content\/uploads\/2024\/10\/image-12-768x375.png 768w, https:\/\/detaykaynak.com.tr\/wp-content\/uploads\/2024\/10\/image-12-600x293.png 600w\" sizes=\"(max-width: 945px) 100vw, 945px\" \/><\/figure><p><\/p><p><\/p><p><strong><em>PORTAL T\u0130P\u0130 H PROF\u0130L \u00c7OK FONKS\u0130YONLU KES\u0130M MAK\u0130NES\u0130<\/em><\/strong><\/p><ul class=\"wp-block-list\"><li>Tek b\u00f6l\u00fcml\u00fc \u00e7elik veya entegre plaka makinesi kesimi i\u00e7in kullan\u0131labilir.<\/li>\n\n<li>H-profilinin t\u00fcm a\u00e7\u0131kl\u0131klar\u0131 ve a\u011f\u0131z \u015fekilleri i\u00e7in kesim i\u015flemi.<\/li>\n\n<li>Plakan\u0131n oluk kesimini tamamlayabilir.<\/li><\/ul><figure class=\"wp-block-image size-full\"><img loading=\"lazy\" decoding=\"async\" width=\"945\" height=\"649\" src=\"https:\/\/detaykaynak.com.tr\/wp-content\/uploads\/2024\/10\/image-13.png\" alt=\"\" class=\"wp-image-287\" srcset=\"https:\/\/detaykaynak.com.tr\/wp-content\/uploads\/2024\/10\/image-13.png 945w, https:\/\/detaykaynak.com.tr\/wp-content\/uploads\/2024\/10\/image-13-300x206.png 300w, https:\/\/detaykaynak.com.tr\/wp-content\/uploads\/2024\/10\/image-13-768x527.png 768w, https:\/\/detaykaynak.com.tr\/wp-content\/uploads\/2024\/10\/image-13-600x412.png 600w\" sizes=\"(max-width: 945px) 100vw, 945px\" \/><\/figure><p><\/p><figure class=\"wp-block-image size-full\"><img loading=\"lazy\" decoding=\"async\" width=\"945\" height=\"442\" src=\"https:\/\/detaykaynak.com.tr\/wp-content\/uploads\/2024\/10\/image-14.png\" alt=\"\" class=\"wp-image-288\" srcset=\"https:\/\/detaykaynak.com.tr\/wp-content\/uploads\/2024\/10\/image-14.png 945w, https:\/\/detaykaynak.com.tr\/wp-content\/uploads\/2024\/10\/image-14-300x140.png 300w, https:\/\/detaykaynak.com.tr\/wp-content\/uploads\/2024\/10\/image-14-768x359.png 768w, https:\/\/detaykaynak.com.tr\/wp-content\/uploads\/2024\/10\/image-14-600x281.png 600w\" sizes=\"(max-width: 945px) 100vw, 945px\" \/><\/figure><p><\/p><p><\/p><p><strong><em>K\u0130R\u0130\u015e,BORU VE PROF\u0130L KES\u0130M MAK\u0130NES\u0130<\/em><\/strong><\/p><ul class=\"wp-block-list\"><li>Lazer kesim kafas\u0131 be\u015f eksenli ba\u011flant\u0131, H-profil, kare boru, yuvarlak boru vb. tam kapsaml\u0131 optimal kesim sa\u011flar.<\/li>\n\n<li>Lazer kesim kafas\u0131 \u00b145 derece a\u00e7\u0131yla e\u011fimli kesim yapabilir.<\/li>\n\n<li>U-ekseni ba\u011flant\u0131s\u0131 ile \u00e7e\u015fitli \u015fekillerde kesim yap\u0131labilir.<\/li>\n\n<li>S\u0131\u00e7an deli\u011fi kesiminde (Rat hole) tek seferde \u015fekillendirme yap\u0131l\u0131r, ikinci bir parlatma gerekmez.<\/li><\/ul><p><\/p><figure class=\"wp-block-image size-full\"><img loading=\"lazy\" decoding=\"async\" width=\"945\" height=\"627\" src=\"https:\/\/detaykaynak.com.tr\/wp-content\/uploads\/2024\/10\/image-15.png\" alt=\"\" class=\"wp-image-289\" srcset=\"https:\/\/detaykaynak.com.tr\/wp-content\/uploads\/2024\/10\/image-15.png 945w, https:\/\/detaykaynak.com.tr\/wp-content\/uploads\/2024\/10\/image-15-300x199.png 300w, https:\/\/detaykaynak.com.tr\/wp-content\/uploads\/2024\/10\/image-15-768x510.png 768w, https:\/\/detaykaynak.com.tr\/wp-content\/uploads\/2024\/10\/image-15-360x240.png 360w, https:\/\/detaykaynak.com.tr\/wp-content\/uploads\/2024\/10\/image-15-600x398.png 600w\" sizes=\"(max-width: 945px) 100vw, 945px\" \/><\/figure><p><\/p><figure class=\"wp-block-image size-full\"><img loading=\"lazy\" decoding=\"async\" width=\"945\" height=\"397\" src=\"https:\/\/detaykaynak.com.tr\/wp-content\/uploads\/2024\/10\/image-16.png\" alt=\"\" class=\"wp-image-290\" srcset=\"https:\/\/detaykaynak.com.tr\/wp-content\/uploads\/2024\/10\/image-16.png 945w, https:\/\/detaykaynak.com.tr\/wp-content\/uploads\/2024\/10\/image-16-300x126.png 300w, https:\/\/detaykaynak.com.tr\/wp-content\/uploads\/2024\/10\/image-16-768x323.png 768w, https:\/\/detaykaynak.com.tr\/wp-content\/uploads\/2024\/10\/image-16-600x252.png 600w\" sizes=\"(max-width: 945px) 100vw, 945px\" \/><\/figure><p><\/p><p><\/p><p><strong><em>A\u011eIR H\u0130ZMET LAZER KES\u0130M BORU MAK\u0130NES\u0130<\/em><\/strong><\/p><ul class=\"wp-block-list\"><li>\u00dc\u00e7 a\u015famal\u0131 a\u011f\u0131r hizmet tipi yan monte yatak, b\u00fcy\u00fck y\u00fck ta\u015f\u0131ma kapasitesi, y\u00fcksek stabilite, iyi sertlik ve uzun vadeli kullan\u0131mda kolayca deforme olmaz.<\/li>\n\n<li>Yar\u0131 otomatik y\u00fckleme ve bo\u015faltma tasar\u0131m\u0131, kullan\u0131\u015fl\u0131 ve i\u015f g\u00fcc\u00fcnden tasarruf sa\u011flar; boru kesimi s\u0131ras\u0131nda sallanmay\u0131 azaltmak i\u00e7in takip deste\u011fi.<\/li>\n\n<li>Pn\u00f6matik d\u00f6rt k\u0131ska\u00e7l\u0131 tasar\u0131m, 50-610mm \u00e7ap\u0131ndaki borular\u0131 s\u0131k\u0131\u015ft\u0131rabilir; d\u00f6rt k\u0131ska\u00e7l\u0131 ters kesim, s\u0131f\u0131r at\u0131k malzeme sa\u011flar.<\/li>\n\n<li>\u00c7elik ve kanal \u00e7eli\u011fi kesimi i\u00e7in uygun profesyonel sivri u\u00e7lu kesme kafas\u0131, 0-45\u00b0 pah k\u0131rma sa\u011flar.<\/li><\/ul><figure class=\"wp-block-image size-full\"><img loading=\"lazy\" decoding=\"async\" width=\"871\" height=\"523\" src=\"https:\/\/detaykaynak.com.tr\/wp-content\/uploads\/2024\/10\/image-17.png\" alt=\"\" class=\"wp-image-291\" srcset=\"https:\/\/detaykaynak.com.tr\/wp-content\/uploads\/2024\/10\/image-17.png 871w, https:\/\/detaykaynak.com.tr\/wp-content\/uploads\/2024\/10\/image-17-300x180.png 300w, https:\/\/detaykaynak.com.tr\/wp-content\/uploads\/2024\/10\/image-17-768x461.png 768w, https:\/\/detaykaynak.com.tr\/wp-content\/uploads\/2024\/10\/image-17-600x360.png 600w\" sizes=\"(max-width: 871px) 100vw, 871px\" \/><\/figure><p><\/p><figure class=\"wp-block-image size-full\"><img loading=\"lazy\" decoding=\"async\" width=\"945\" height=\"359\" src=\"https:\/\/detaykaynak.com.tr\/wp-content\/uploads\/2024\/10\/image-18.png\" alt=\"\" class=\"wp-image-292\" srcset=\"https:\/\/detaykaynak.com.tr\/wp-content\/uploads\/2024\/10\/image-18.png 945w, https:\/\/detaykaynak.com.tr\/wp-content\/uploads\/2024\/10\/image-18-300x114.png 300w, https:\/\/detaykaynak.com.tr\/wp-content\/uploads\/2024\/10\/image-18-768x292.png 768w, https:\/\/detaykaynak.com.tr\/wp-content\/uploads\/2024\/10\/image-18-600x228.png 600w\" sizes=\"(max-width: 945px) 100vw, 945px\" \/><\/figure><p><\/p><p><\/p>","protected":false},"excerpt":{"rendered":"<p>A\u00c7IK TEK TABLA Metal fiber lazer kesim makinesi, genellikle \u00e7elik sac, \u00e7elik boru, al\u00fcminyum, bak\u0131r, paslanmaz \u00e7elik, karbon \u00e7elik gibi metal malzemeleri kesmek i\u00e7in kullan\u0131l\u0131r. Cypcut sac kesme yaz\u0131l\u0131m\u0131, fiber lazer kesme makinesi end\u00fcstrisi i\u00e7in derinlemesine bir tasar\u0131md\u0131r. Karma\u015f\u0131k CNC makine operasyonunu basitle\u015ftirir ve CAD, Nest ve CAM mod\u00fcllerini tek [&hellip;]<\/p>\n","protected":false},"author":1,"featured_media":0,"parent":0,"menu_order":0,"comment_status":"closed","ping_status":"closed","template":"","meta":{"_themeisle_gutenberg_block_has_review":false,"footnotes":""},"class_list":["post-84","page","type-page","status-publish","hentry"],"_links":{"self":[{"href":"https:\/\/detaykaynak.com.tr\/index.php?rest_route=\/wp\/v2\/pages\/84"}],"collection":[{"href":"https:\/\/detaykaynak.com.tr\/index.php?rest_route=\/wp\/v2\/pages"}],"about":[{"href":"https:\/\/detaykaynak.com.tr\/index.php?rest_route=\/wp\/v2\/types\/page"}],"author":[{"embeddable":true,"href":"https:\/\/detaykaynak.com.tr\/index.php?rest_route=\/wp\/v2\/users\/1"}],"replies":[{"embeddable":true,"href":"https:\/\/detaykaynak.com.tr\/index.php?rest_route=%2Fwp%2Fv2%2Fcomments&post=84"}],"version-history":[{"count":6,"href":"https:\/\/detaykaynak.com.tr\/index.php?rest_route=\/wp\/v2\/pages\/84\/revisions"}],"predecessor-version":[{"id":324,"href":"https:\/\/detaykaynak.com.tr\/index.php?rest_route=\/wp\/v2\/pages\/84\/revisions\/324"}],"wp:attachment":[{"href":"https:\/\/detaykaynak.com.tr\/index.php?rest_route=%2Fwp%2Fv2%2Fmedia&parent=84"}],"curies":[{"name":"wp","href":"https:\/\/api.w.org\/{rel}","templated":true}]}}